{"id":927,"date":"2024-09-30T05:46:35","date_gmt":"2024-09-30T05:46:35","guid":{"rendered":"https:\/\/staging.praxis-frei-suntheim.de\/?page_id=927"},"modified":"2024-10-23T18:25:23","modified_gmt":"2024-10-23T16:25:23","slug":"dr-suntheim","status":"publish","type":"page","link":"https:\/\/praxis-frei-suntheim.de\/?page_id=927","title":{"rendered":"Dr. Suntheim"},"content":{"rendered":"<p>[et_pb_section fb_built=&#8220;1&#8243; disabled_on=&#8220;off|off|off&#8220; admin_label=&#8220;ganz oben alles Desktop&#8220; _builder_version=&#8220;4.27.2&#8243; _module_preset=&#8220;default&#8220; background_color=&#8220;#FFFFFF&#8220; max_width=&#8220;100%&#8220; max_width_tablet=&#8220;100%&#8220; max_width_phone=&#8220;100%&#8220; max_width_last_edited=&#8220;on|desktop&#8220; module_alignment=&#8220;left&#8220; height_tablet=&#8220;auto&#8220; height_phone=&#8220;auto&#8220; height_last_edited=&#8220;on|desktop&#8220; max_height_tablet=&#8220;&#8220; max_height_phone=&#8220;&#8220; max_height_last_edited=&#8220;on|phone&#8220; custom_margin=&#8220;0px|0px|0px|0px|false|false&#8220; custom_padding=&#8220;0px|0px|0px|0px|false|false&#8220; sticky_position=&#8220;top&#8220; sticky_position_tablet=&#8220;none&#8220; sticky_position_phone=&#8220;none&#8220; sticky_position_last_edited=&#8220;on|desktop&#8220; sticky_offset_top_tablet=&#8220;&#8220; sticky_offset_top_phone=&#8220;&#8220; sticky_offset_top_last_edited=&#8220;on|tablet&#8220; da_disable_devices=&#8220;off|off|off&#8220; border_color_bottom=&#8220;#8bbd2d&#8220; locked=&#8220;off&#8220; global_colors_info=&#8220;{}&#8220; theme_builder_area=&#8220;post_content&#8220; da_is_popup=&#8220;off&#8220; da_exit_intent=&#8220;off&#8220; da_has_close=&#8220;on&#8220; da_alt_close=&#8220;off&#8220; da_dark_close=&#8220;off&#8220; da_not_modal=&#8220;on&#8220; da_is_singular=&#8220;off&#8220; da_with_loader=&#8220;off&#8220; da_has_shadow=&#8220;on&#8220;][et_pb_row column_structure=&#8220;3_4,1_4&#8243; use_custom_gutter=&#8220;on&#8220; custom_padding_last_edited=&#8220;on|desktop&#8220; _builder_version=&#8220;4.27.2&#8243; _module_preset=&#8220;default&#8220; background_color=&#8220;#FFFFFF&#8220; width=&#8220;auto&#8220; max_width=&#8220;1074px&#8220; max_width_tablet=&#8220;&#8220; max_width_phone=&#8220;&#8220; max_width_last_edited=&#8220;on|phone&#8220; module_alignment=&#8220;center&#8220; min_height_tablet=&#8220;&#8220; min_height_phone=&#8220;&#8220; min_height_last_edited=&#8220;on|tablet&#8220; max_height_tablet=&#8220;&#8220; max_height_phone=&#8220;&#8220; max_height_last_edited=&#8220;on|phone&#8220; custom_margin=&#8220;0px|0px|0px|0px|false|false&#8220; custom_margin_tablet=&#8220;&#8220; custom_margin_phone=&#8220;&#8220; custom_margin_last_edited=&#8220;on|phone&#8220; custom_padding=&#8220;0px||0px|0px|false|false&#8220; custom_padding_tablet=&#8220;&#8220; custom_padding_phone=&#8220;&#8220; animation_direction=&#8220;left&#8220; custom_css_main_element=&#8220;display: flex;&#8220; border_color_bottom=&#8220;#E57E00&#8243; global_colors_info=&#8220;{}&#8220; custom_css_main_element_last_edited=&#8220;on|desktop&#8220; custom_css_main_element_tablet=&#8220;display: flex;&#8220; custom_css_main_element_phone=&#8220;display: flex;&#8220; theme_builder_area=&#8220;post_content&#8220;][et_pb_column type=&#8220;3_4&#8243; _builder_version=&#8220;4.27.0&#8243; _module_preset=&#8220;default&#8220; global_colors_info=&#8220;{}&#8220; theme_builder_area=&#8220;post_content&#8220;][et_pb_image src=&#8220;https:\/\/staging.praxis-frei-suntheim.de\/wp-content\/uploads\/2024\/09\/Logo_BAG.png&#8220; title_text=&#8220;Logo_BAG&#8220; show_bottom_space=&#8220;off&#8220; align_tablet=&#8220;left&#8220; align_phone=&#8220;left&#8220; align_last_edited=&#8220;on|desktop&#8220; disabled_on=&#8220;off|off|off&#8220; admin_label=&#8220;Logo Desktop&#8220; _builder_version=&#8220;4.27.2&#8243; _module_preset=&#8220;default&#8220; background_color=&#8220;RGBA(255,255,255,0)&#8220; width=&#8220;98%&#8220; width_tablet=&#8220;auto&#8220; width_phone=&#8220;auto&#8220; width_last_edited=&#8220;on|phone&#8220; max_width=&#8220;64%&#8220; max_width_tablet=&#8220;100%&#8220; max_width_phone=&#8220;100%&#8220; max_width_last_edited=&#8220;on|tablet&#8220; module_alignment=&#8220;left&#8220; max_height_tablet=&#8220;&#8220; max_height_phone=&#8220;&#8220; max_height_last_edited=&#8220;on|tablet&#8220; custom_margin=&#8220;0px|0px|0px||false|false&#8220; custom_margin_tablet=&#8220;&#8220; custom_margin_phone=&#8220;&#8220; custom_margin_last_edited=&#8220;on|desktop&#8220; custom_padding=&#8220;0px|0px|0px||false|false&#8220; custom_css_main_element=&#8220;display: flex;&#8220; global_colors_info=&#8220;{}&#8220; custom_css_main_element_last_edited=&#8220;on|desktop&#8220; custom_css_main_element_tablet=&#8220;display: flex;&#8220; custom_css_main_element_phone=&#8220;display: flex;&#8220; theme_builder_area=&#8220;post_content&#8220;][\/et_pb_image][\/et_pb_column][et_pb_column type=&#8220;1_4&#8243; _builder_version=&#8220;4.27.0&#8243; _module_preset=&#8220;default&#8220; global_colors_info=&#8220;{}&#8220; theme_builder_area=&#8220;post_content&#8220;][et_pb_blurb image_icon_background_color=&#8220;RGBA(255,255,255,0)&#8220; image_icon_width=&#8220;22px&#8220; icon_placement_tablet=&#8220;top&#8220; icon_placement_phone=&#8220;top&#8220; icon_placement_last_edited=&#8220;on|tablet&#8220; image_icon_width_tablet=&#8220;22px&#8220; image_icon_width_phone=&#8220;22px&#8220; image_icon_width_last_edited=&#8220;on|phone&#8220; icon_alignment_tablet=&#8220;center&#8220; icon_alignment_phone=&#8220;&#8220; icon_alignment_last_edited=&#8220;on|tablet&#8220; admin_label=&#8220;Adresse&#8220; _builder_version=&#8220;4.27.2&#8243; header_font=&#8220;Montserrat||||||||&#8220; header_text_color=&#8220;#000000&#8243; header_line_height=&#8220;2em&#8220; body_font=&#8220;Montserrat|300|||||||&#8220; body_text_color=&#8220;#000000&#8243; body_font_size=&#8220;15px&#8220; body_line_height=&#8220;2em&#8220; image_icon_custom_margin_tablet=&#8220;0px||||false|false&#8220; image_icon_custom_margin_phone=&#8220;&#8220; image_icon_custom_margin_last_edited=&#8220;on|phone&#8220; image_icon_custom_padding=&#8220;8px|8px|8px|8px|false|false&#8220; image_icon_custom_padding_tablet=&#8220;8px|8px|8px|8px|false|false&#8220; image_icon_custom_padding_phone=&#8220;0px|0px|0px|0px|false|false&#8220; image_icon_custom_padding_last_edited=&#8220;on|phone&#8220; text_orientation=&#8220;center&#8220; width=&#8220;98%&#8220; width_tablet=&#8220;50%&#8220; width_phone=&#8220;auto&#8220; width_last_edited=&#8220;on|tablet&#8220; max_width=&#8220;98%&#8220; max_width_tablet=&#8220;50%&#8220; max_width_phone=&#8220;52%&#8220; max_width_last_edited=&#8220;on|tablet&#8220; max_height=&#8220;100px&#8220; max_height_tablet=&#8220;100px&#8220; max_height_phone=&#8220;100px&#8220; max_height_last_edited=&#8220;on|phone&#8220; custom_margin=&#8220;23%|||6px|false|false&#8220; custom_margin_tablet=&#8220;10%||0px||false|false&#8220; custom_margin_phone=&#8220;10%||0px||false|false&#8220; custom_margin_last_edited=&#8220;on|tablet&#8220; custom_padding=&#8220;7px|0px||0px|false|false&#8220; custom_padding_tablet=&#8220;3px|0px|||false|false&#8220; custom_padding_phone=&#8220;|||||false&#8220; custom_padding_last_edited=&#8220;on|phone&#8220; animation_style=&#8220;fade&#8220; animation=&#8220;off&#8220; link_option_url=&#8220;tel:+49-7522-93130&#8243; header_font_size_tablet=&#8220;&#8220; header_font_size_phone=&#8220;16px&#8220; header_font_size_last_edited=&#8220;on|phone&#8220; header_line_height_tablet=&#8220;2em&#8220; header_line_height_phone=&#8220;2em&#8220; header_line_height_last_edited=&#8220;on|phone&#8220; body_text_color_tablet=&#8220;#000000&#8243; body_text_color_phone=&#8220;#000000&#8243; body_text_color_last_edited=&#8220;on|phone&#8220; body_font_size_tablet=&#8220;12px&#8220; body_font_size_phone=&#8220;7px&#8220; body_font_size_last_edited=&#8220;on|phone&#8220; module_alignment_tablet=&#8220;center&#8220; module_alignment_phone=&#8220;center&#8220; module_alignment_last_edited=&#8220;on|phone&#8220; border_radii=&#8220;on|4px|4px|4px|4px&#8220; border_radii_image=&#8220;on|100%|100%|100%|100%&#8220; box_shadow_style=&#8220;preset6&#8243; box_shadow_blur=&#8220;38px&#8220; box_shadow_spread=&#8220;23px&#8220; icon_font_size=&#8220;22px&#8220; use_circle=&#8220;on&#8220; circle_color=&#8220;#c5dfff&#8220; locked=&#8220;off&#8220; global_colors_info=&#8220;{}&#8220; image_icon_background_color__sticky_enabled=&#8220;#7EBEC5&#8243; image_icon_background_color__sticky=&#8220;#7EBEC5&#8243; theme_builder_area=&#8220;post_content&#8220;]<\/p>\n<p><span style=\"color: #161616;\"><a href=\"mailto:team@ortho-wangen.de\" style=\"color: #161616;\"><strong>team@ortho-wangen.de<\/strong> <\/a><\/span><\/p>\n<p><strong>Tel: +49-7522-93130<\/strong><\/p>\n<p>[\/et_pb_blurb][\/et_pb_column][\/et_pb_row][\/et_pb_section][et_pb_section fb_built=&#8220;1&#8243; fullwidth=&#8220;on&#8220; disabled_on=&#8220;off|off|off&#8220; admin_label=&#8220;Header Willkommen Desktop&#8220; _builder_version=&#8220;4.27.2&#8243; _module_preset=&#8220;default&#8220; background_color=&#8220;#8bbd2d&#8220; max_width_last_edited=&#8220;off|desktop&#8220; max_height=&#8220;35px&#8220; max_height_tablet=&#8220;30px&#8220; max_height_phone=&#8220;20px&#8220; max_height_last_edited=&#8220;on|desktop&#8220; custom_margin=&#8220;0px||||false|false&#8220; custom_margin_tablet=&#8220;0px||||false|false&#8220; custom_margin_phone=&#8220;0px||||false|false&#8220; custom_margin_last_edited=&#8220;on|phone&#8220; custom_padding=&#8220;0px||0px||false|false&#8220; top_divider_height_tablet=&#8220;0px&#8220; top_divider_height_phone=&#8220;&#8220; top_divider_height_last_edited=&#8220;on|tablet&#8220; sticky_position=&#8220;top&#8220; module_alignment_tablet=&#8220;&#8220; module_alignment_phone=&#8220;&#8220; module_alignment_last_edited=&#8220;on|desktop&#8220; sticky_position_tablet=&#8220;none&#8220; sticky_position_phone=&#8220;none&#8220; sticky_position_last_edited=&#8220;on|phone&#8220; da_disable_devices=&#8220;off|off|off&#8220; locked=&#8220;off&#8220; global_colors_info=&#8220;{}&#8220; da_is_popup=&#8220;off&#8220; da_exit_intent=&#8220;off&#8220; da_has_close=&#8220;on&#8220; da_alt_close=&#8220;off&#8220; da_dark_close=&#8220;off&#8220; da_not_modal=&#8220;on&#8220; da_is_singular=&#8220;off&#8220; da_with_loader=&#8220;off&#8220; da_has_shadow=&#8220;on&#8220;][et_pb_fullwidth_header title=&#8220;Dr. Patrick Suntheim&#8220; text_orientation=&#8220;right&#8220; disabled_on=&#8220;off|off|off&#8220; _builder_version=&#8220;4.27.2&#8243; _module_preset=&#8220;default&#8220; title_text_color=&#8220;#FFFFFF&#8220; title_font_size=&#8220;20px&#8220; background_color=&#8220;RGBA(255,255,255,0)&#8220; custom_margin=&#8220;0px||||false|false&#8220; custom_margin_tablet=&#8220;0px||||false|false&#8220; custom_margin_phone=&#8220;-3px||0px||false|false&#8220; custom_margin_last_edited=&#8220;on|phone&#8220; custom_padding=&#8220;0px||0px||true|false&#8220; custom_padding_tablet=&#8220;0px||0px||true|false&#8220; custom_padding_phone=&#8220;0px||0px||false|false&#8220; custom_padding_last_edited=&#8220;on|desktop&#8220; title_text_color_tablet=&#8220;#FFFFFF&#8220; title_text_color_phone=&#8220;RGBA(255,255,255,0)&#8220; title_text_color_last_edited=&#8220;on|phone&#8220; title_font_size_tablet=&#8220;13px&#8220; title_font_size_phone=&#8220;5px&#8220; title_font_size_last_edited=&#8220;on|phone&#8220; custom_css_title=&#8220;padding-bottom: 0!important;&#8220; global_colors_info=&#8220;{}&#8220;][\/et_pb_fullwidth_header][\/et_pb_section][et_pb_section fb_built=&#8220;1&#8243; disabled_on=&#8220;on|on|off&#8220; admin_label=&#8220;Lebenslauf mit Bild Desktop&#8220; _builder_version=&#8220;4.27.2&#8243; _module_preset=&#8220;default&#8220; da_disable_devices=&#8220;off|off|off&#8220; global_colors_info=&#8220;{}&#8220; da_is_popup=&#8220;off&#8220; da_exit_intent=&#8220;off&#8220; da_has_close=&#8220;on&#8220; da_alt_close=&#8220;off&#8220; da_dark_close=&#8220;off&#8220; da_not_modal=&#8220;on&#8220; da_is_singular=&#8220;off&#8220; da_with_loader=&#8220;off&#8220; da_has_shadow=&#8220;on&#8220;][et_pb_row column_structure=&#8220;2_5,3_5&#8243; _builder_version=&#8220;4.27.2&#8243; _module_preset=&#8220;default&#8220; global_colors_info=&#8220;{}&#8220;][et_pb_column type=&#8220;2_5&#8243; _builder_version=&#8220;4.27.2&#8243; _module_preset=&#8220;default&#8220; global_colors_info=&#8220;{}&#8220;][et_pb_image src=&#8220;https:\/\/staging.praxis-frei-suntheim.de\/wp-content\/uploads\/2024\/10\/MG_4363-3.jpeg&#8220; title_text=&#8220;_MG_4363 (3)&#8220; align=&#8220;center&#8220; _builder_version=&#8220;4.27.2&#8243; _module_preset=&#8220;default&#8220; max_width=&#8220;65%&#8220; custom_padding=&#8220;|0px|||false|false&#8220; sticky_position=&#8220;top&#8220; sticky_position_tablet=&#8220;top&#8220; sticky_position_phone=&#8220;none&#8220; sticky_position_last_edited=&#8220;on|phone&#8220; global_colors_info=&#8220;{}&#8220;][\/et_pb_image][\/et_pb_column][et_pb_column type=&#8220;3_5&#8243; _builder_version=&#8220;4.27.2&#8243; _module_preset=&#8220;default&#8220; global_colors_info=&#8220;{}&#8220;][et_pb_blurb image=&#8220;http:\/\/staging.praxis-frei-suntheim.de\/wp-content\/uploads\/2024\/09\/MG_4354-1-scaled.jpg&#8220; icon_placement=&#8220;left&#8220; title_tablet=&#8220;&#8220; title_phone=&#8220;Dr. Patrick Suntheim&#8220; title_last_edited=&#8220;on|phone&#8220; admin_label=&#8220;Dr Suntheim &#8211; alle Infos&#8220; _builder_version=&#8220;4.27.2&#8243; _module_preset=&#8220;default&#8220; custom_margin=&#8220;1px|||||&#8220; global_colors_info=&#8220;{}&#8220;]<\/p>\n<div class=\"v5 ps104 s148 w3\">\n<div class=\"v5 ps65 s149 c144\">\n<div class=\"v5 ps65 s135 w3\">\n<div class=\"v5 ps65 s122 c135\">\n<div class=\"v5 ps79 s122 c118\">\n<div class=\"v7 ps103 s169 c5 z115\">\n<p class=\"p6 f27\">Facharzt f\u00fcr Orthop\u00e4die und Unfallchirurgie<\/p>\n<p class=\"p6 f27\">Facharzt f\u00fcr Chirurgie<\/p>\n<\/div>\n<div class=\"v7 ps106 s172 c5 z117\">\n<p class=\"p6 f27\">Spezielle Unfallchirurgie<\/p>\n<\/div>\n<div class=\"v7 ps108 s173 c5 z118\">\n<p class=\"p6 f27\">Notfallmedizin<\/p>\n<p class=\"p6 f27\">\n<\/div>\n<p class=\"p4 f27\"><span style=\"text-decoration: underline;\">T\u00e4tigkeitsschwerpunkte<\/span>:<\/p>\n<\/div>\n<div class=\"v5 ps80 s123 c119\">\n<p class=\"p4 f26\">&#8211; Verletzungen und Erkrankungen des Schulter-, Knie-, Hand- und Sprunggelenkes<\/p>\n<\/div>\n<div class=\"v5 ps86 s128 c125\">\n<p class=\"p4 f26\">&#8211; Endoprothetik an der H\u00fcfte und Knie (K\u00fcnstlicher Gelenkersatz)<\/p>\n<\/div>\n<div class=\"v5 ps88 s129 c127\">\n<p class=\"p4 f26\">&#8211; Unfallchirurgie<\/p>\n<\/div>\n<div class=\"v5 ps93 s132 c132\">\n<p class=\"p4 f26\">&#8211; station\u00e4re Operationen<\/p>\n<\/div>\n<div class=\"v5 ps94 s133 c133\">\n<p class=\"p4 f26\">&#8211; D-Arzt (Durchgangsarzt f\u00fcr Schul-, Wege- und Arbeitsunf\u00e4lle)<\/p>\n<p class=\"p4 f26\">\n<\/div>\n<p class=\"p4 f27\"><span style=\"text-decoration: underline;\">Besondere Erfahrung:<\/span><\/p>\n<\/div>\n<div class=\"v5 ps97 s136 c136\">\n<p class=\"p4 f26\">Endoprothetik und Wechselendoprothetik H\u00fcfte und Knie<span style=\"text-decoration: underline;\"><\/span><\/p>\n<p class=\"p4 f26\"><span style=\"text-decoration: underline;\">Werdegang<\/span>:<\/p>\n<\/div>\n<\/div>\n<\/div>\n<div class=\"v5 ps97 s150 c104\">\n<div class=\"v5 ps65 s150 w3\">\n<div class=\"v5 ps65 s151 c145\">\n<p class=\"p4 f26\">2001-2002 Assistenzarzt am Klinikum Rosenheim &#8211; Klinik f\u00fcr Allgemein-, Gef\u00e4\u00df- &amp; Thoraxchirurgie<\/p>\n<p class=\"p4 f26\">2002-2004 Assistenzarzt am Krankenhaus Friedrichshafen &#8211; Klinik f\u00fcr Allgemein- &amp; Gef\u00e4\u00dfchirurgie<\/p>\n<p class=\"p4 f26\">2005-2008 Assistenzarzt am Krankenhaus Friedrichshafen &#8211; Abteilung f\u00fcr Unfallchirurgie &amp; Endoprothetik<\/p>\n<p class=\"p4 f26\">2009-2013 Oberarzt am Krankenhaus Friedrichshafen &#8211; Abteilung f\u00fcr Unfallchirurgie &amp; Endoprothetik<\/p>\n<p class=\"p4 f26\">2013-2016 leitender Oberarzt und Chefarztvertreter Orthop\u00e4die &amp; Unfallchirurgie Krankenhaus St. Elisabeth Ravensburg<\/p>\n<p class=\"p4 f26\">2016-Juni 2021 Angestellter Facharzt in der Sportklinik Ravensburg<\/p>\n<p class=\"p4 f26\">Seit Juli 2021 Angestellter Facharzt in der BAG Dr. Frei und \u00a0Dr. Kraemer.<\/p>\n<p class=\"p4 f26\">Seit Herbst 2012 Teamarzt des VFB Friedrichshafen &#8211; Volleyball Bundesliga<\/p>\n<p class=\"p4 f26\">Seit Oktober 2024 in Berufaus\u00fcbungsgemeinschaft mit Dr. Patrick Frei.<\/p>\n<\/div>\n<\/div>\n<\/div>\n<\/div>\n<p>[\/et_pb_blurb][\/et_pb_column][\/et_pb_row][\/et_pb_section][et_pb_section fb_built=&#8220;1&#8243; disabled_on=&#8220;off|off|on&#8220; admin_label=&#8220;Lebenslauf mit BIld Phone&#8220; _builder_version=&#8220;4.27.2&#8243; _module_preset=&#8220;default&#8220; custom_padding=&#8220;17px|||||&#8220; da_disable_devices=&#8220;off|off|off&#8220; global_colors_info=&#8220;{}&#8220; da_is_popup=&#8220;off&#8220; da_exit_intent=&#8220;off&#8220; da_has_close=&#8220;on&#8220; da_alt_close=&#8220;off&#8220; da_dark_close=&#8220;off&#8220; da_not_modal=&#8220;on&#8220; da_is_singular=&#8220;off&#8220; da_with_loader=&#8220;off&#8220; da_has_shadow=&#8220;on&#8220;][et_pb_row _builder_version=&#8220;4.27.2&#8243; _module_preset=&#8220;default&#8220; custom_margin=&#8220;-8px|auto||auto||&#8220; custom_padding=&#8220;6px|||||&#8220; global_colors_info=&#8220;{}&#8220;][et_pb_column type=&#8220;4_4&#8243; _builder_version=&#8220;4.27.0&#8243; _module_preset=&#8220;default&#8220; global_colors_info=&#8220;{}&#8220;][et_pb_image src=&#8220;https:\/\/staging.praxis-frei-suntheim.de\/wp-content\/uploads\/2024\/10\/MG_4363-3.jpeg&#8220; title_text=&#8220;_MG_4363 (3)&#8220; _builder_version=&#8220;4.27.2&#8243; _module_preset=&#8220;default&#8220; max_width=&#8220;50%&#8220; max_width_tablet=&#8220;65%&#8220; max_width_phone=&#8220;66%&#8220; max_width_last_edited=&#8220;on|tablet&#8220; custom_margin=&#8220;|71px||||&#8220; custom_padding=&#8220;|||71px||&#8220; global_colors_info=&#8220;{}&#8220;][\/et_pb_image][et_pb_blurb image=&#8220;http:\/\/staging.praxis-frei-suntheim.de\/wp-content\/uploads\/2024\/09\/MG_4354-1-scaled.jpg&#8220; title_tablet=&#8220;&#8220; title_phone=&#8220;Dr. Patrick Suntheim&#8220; title_last_edited=&#8220;on|phone&#8220; admin_label=&#8220;Dr Suntheim &#8211; alle Infos&#8220; _builder_version=&#8220;4.27.2&#8243; _module_preset=&#8220;default&#8220; custom_margin=&#8220;0px||||false|false&#8220; global_colors_info=&#8220;{}&#8220;]<\/p>\n<div class=\"v5 ps104 s148 w3\">\n<div class=\"v5 ps65 s149 c144\">\n<div class=\"v5 ps65 s135 w3\">\n<div class=\"v5 ps65 s122 c135\">\n<div class=\"v5 ps79 s122 c118\">\n<div class=\"v7 ps103 s169 c5 z115\">\n<p class=\"p6 f27\">Facharzt f\u00fcr Orthop\u00e4die und Unfallchirurgie<\/p>\n<p class=\"p6 f27\">Facharzt f\u00fcr Chirurgie<\/p>\n<\/div>\n<div class=\"v7 ps106 s172 c5 z117\">\n<p class=\"p6 f27\">Spezielle Unfallchirurgie<\/p>\n<\/div>\n<div class=\"v7 ps108 s173 c5 z118\">\n<p class=\"p6 f27\">Notfallmedizin<\/p>\n<p class=\"p6 f27\">\n<\/div>\n<p class=\"p4 f27\"><span style=\"text-decoration: underline;\">T\u00e4tigkeitsschwerpunkte<\/span>:<\/p>\n<\/div>\n<div class=\"v5 ps80 s123 c119\">\n<p class=\"p4 f26\">&#8211; Verletzungen und Erkrankungen des Schulter-, Knie-, Hand- und Sprunggelenkes<\/p>\n<\/div>\n<div class=\"v5 ps86 s128 c125\">\n<p class=\"p4 f26\">&#8211; Endoprothetik an der H\u00fcfte und Knie (K\u00fcnstlicher Gelenkersatz)<\/p>\n<\/div>\n<div class=\"v5 ps88 s129 c127\">\n<p class=\"p4 f26\">&#8211; Unfallchirurgie<\/p>\n<\/div>\n<div class=\"v5 ps93 s132 c132\">\n<p class=\"p4 f26\">&#8211; station\u00e4re Operationen<\/p>\n<\/div>\n<div class=\"v5 ps94 s133 c133\">\n<p class=\"p4 f26\">&#8211; D-Arzt (Durchgangsarzt f\u00fcr Schul-, Wege- und Arbeitsunf\u00e4lle)<\/p>\n<p class=\"p4 f26\">\n<\/div>\n<p class=\"p4 f27\"><span style=\"text-decoration: underline;\">Besondere Erfahrung:<\/span><\/p>\n<\/div>\n<div class=\"v5 ps97 s136 c136\">\n<p class=\"p4 f26\">Endoprothetik und Wechselendoprothetik H\u00fcfte und Knie<span style=\"text-decoration: underline;\"><\/span><\/p>\n<p class=\"p4 f26\"><span style=\"text-decoration: underline;\">Werdegang<\/span>:<\/p>\n<\/div>\n<\/div>\n<\/div>\n<div class=\"v5 ps97 s150 c104\">\n<div class=\"v5 ps65 s150 w3\">\n<div class=\"v5 ps65 s151 c145\">\n<p class=\"p4 f26\">2001-2002 Assistenzarzt am Klinikum Rosenheim &#8211; Klinik f\u00fcr Allgemein-, Gef\u00e4\u00df- &amp; Thoraxchirurgie<\/p>\n<p class=\"p4 f26\">2002-2004 Assistenzarzt am Krankenhaus Friedrichshafen &#8211; Klinik f\u00fcr Allgemein- &amp; Gef\u00e4\u00dfchirurgie<\/p>\n<p class=\"p4 f26\">2005-2008 Assistenzarzt am Krankenhaus Friedrichshafen &#8211; Abteilung f\u00fcr Unfallchirurgie &amp; Endoprothetik<\/p>\n<p class=\"p4 f26\">2009-2013 Oberarzt am Krankenhaus Friedrichshafen &#8211; Abteilung f\u00fcr Unfallchirurgie &amp; Endoprothetik<\/p>\n<p class=\"p4 f26\">2013-2016 leitender Oberarzt und Chefarztvertreter Orthop\u00e4die &amp; Unfallchirurgie Krankenhaus St. Elisabeth Ravensburg<\/p>\n<p class=\"p4 f26\">2016-Juni 2021 Angestellter Facharzt in der Sportklinik Ravensburg<\/p>\n<p class=\"p4 f26\">Seit Juli 2021 Angestellter Facharzt in der BAG Dr. Frei und \u00a0Dr. Kraemer.<\/p>\n<p class=\"p4 f26\">Seit Herbst 2012 Teamarzt des VFB Friedrichshafen &#8211; Volleyball Bundesliga<\/p>\n<p class=\"p4 f26\">Seit Oktober 2024 in Berufaus\u00fcbungsgemeinschaft mit Dr. Patrick Frei.<\/p>\n<\/div>\n<\/div>\n<\/div>\n<\/div>\n<p>[\/et_pb_blurb][\/et_pb_column][\/et_pb_row][\/et_pb_section]<\/p>\n","protected":false},"excerpt":{"rendered":"<p>team@ortho-wangen.de Tel: +49-7522-93130 Facharzt f\u00fcr Orthop\u00e4die und Unfallchirurgie Facharzt f\u00fcr Chirurgie Spezielle Unfallchirurgie Notfallmedizin T\u00e4tigkeitsschwerpunkte: &#8211; Verletzungen und Erkrankungen des Schulter-, Knie-, Hand- und Sprunggelenkes &#8211; Endoprothetik an der H\u00fcfte und Knie (K\u00fcnstlicher Gelenkersatz) &#8211; Unfallchirurgie &#8211; station\u00e4re Operationen &#8211; D-Arzt (Durchgangsarzt f\u00fcr Schul-, Wege- und Arbeitsunf\u00e4lle) Besondere Erfahrung: Endoprothetik und Wechselendoprothetik H\u00fcfte und Knie [&hellip;]<\/p>\n","protected":false},"author":1,"featured_media":0,"parent":0,"menu_order":0,"comment_status":"closed","ping_status":"closed","template":"","meta":{"_et_pb_use_builder":"on","_et_pb_old_content":"","_et_gb_content_width":"","footnotes":""},"class_list":["post-927","page","type-page","status-publish","hentry"],"_links":{"self":[{"href":"https:\/\/praxis-frei-suntheim.de\/index.php?rest_route=\/wp\/v2\/pages\/927","targetHints":{"allow":["GET"]}}],"collection":[{"href":"https:\/\/praxis-frei-suntheim.de\/index.php?rest_route=\/wp\/v2\/pages"}],"about":[{"href":"https:\/\/praxis-frei-suntheim.de\/index.php?rest_route=\/wp\/v2\/types\/page"}],"author":[{"embeddable":true,"href":"https:\/\/praxis-frei-suntheim.de\/index.php?rest_route=\/wp\/v2\/users\/1"}],"replies":[{"embeddable":true,"href":"https:\/\/praxis-frei-suntheim.de\/index.php?rest_route=%2Fwp%2Fv2%2Fcomments&post=927"}],"version-history":[{"count":227,"href":"https:\/\/praxis-frei-suntheim.de\/index.php?rest_route=\/wp\/v2\/pages\/927\/revisions"}],"predecessor-version":[{"id":2253,"href":"https:\/\/praxis-frei-suntheim.de\/index.php?rest_route=\/wp\/v2\/pages\/927\/revisions\/2253"}],"wp:attachment":[{"href":"https:\/\/praxis-frei-suntheim.de\/index.php?rest_route=%2Fwp%2Fv2%2Fmedia&parent=927"}],"curies":[{"name":"wp","href":"https:\/\/api.w.org\/{rel}","templated":true}]}}